{"id":8,"date":"2026-04-19T11:10:31","date_gmt":"2026-04-19T09:10:31","guid":{"rendered":"https:\/\/www.sirena-nuernberg.de\/?page_id=8"},"modified":"2026-04-19T13:27:42","modified_gmt":"2026-04-19T11:27:42","slug":"startseite","status":"publish","type":"page","link":"https:\/\/www.sirena-nuernberg.de\/","title":{"rendered":"Willkommen"},"content":{"rendered":"\n<figure class=\"wp-block-image size-full\"><img loading=\"lazy\" decoding=\"async\" width=\"1024\" height=\"656\" src=\"https:\/\/www.sirena-nuernberg.de\/wp-content\/uploads\/2026\/04\/Sirena_Logo_1024x656.png\" alt=\"SIRENA N\u00fcrnberg, 16. S\u00fcddeutsches queeres Chorfestival 2027\" class=\"wp-image-18\" srcset=\"https:\/\/www.sirena-nuernberg.de\/wp-content\/uploads\/2026\/04\/Sirena_Logo_1024x656.png 1024w, https:\/\/www.sirena-nuernberg.de\/wp-content\/uploads\/2026\/04\/Sirena_Logo_1024x656-300x192.png 300w, https:\/\/www.sirena-nuernberg.de\/wp-content\/uploads\/2026\/04\/Sirena_Logo_1024x656-768x492.png 768w\" sizes=\"auto, (max-width: 1024px) 100vw, 1024px\" \/><\/figure>\n\n\n\n<p class=\"has-text-align-center\">Vom 27.05. bis 30.05.2027<br>findet in N\u00fcrnberg auf Einladung der Tr\u00e4llerpfeifen<br>zum zweiten Mal das <strong>queere Chorfestival<\/strong> statt.<br>Bitte heute schon den Termin vormerken.<br>Gesucht werden helfende H\u00e4nde<br>zur Betreuung der Ch\u00f6re und f\u00fcr die Organisation.<br>Gerne unter <a href=\"mailto:sirena@traellerpfeifen.de\" rel=\"nofollow\">sirena@traellerpfeifen.de<\/a> melden.<br>Erwartet werden rund 20 queere Ch\u00f6re mit rund<br>500 singenden Menschen. Es wird drei Konzerte geben:<br>zwei in der Meistersingerhalle und eines in der Oper.<br>Der Kartenvorverkauf beginnt im 1. Halbjahr 2026.<\/p>\n","protected":false},"excerpt":{"rendered":"<p>Vom 27.05. bis 30.05.2027findet in N\u00fcrnberg auf Einladung der Tr\u00e4llerpfeifenzum zweiten Mal das queere Chorfestival statt.Bitte heute schon den Termin vormerken.Gesucht werden helfende H\u00e4ndezur Betreuung der Ch\u00f6re und f\u00fcr die Organisation.Gerne unter sirena@traellerpfeifen.de melden.Erwartet werden rund 20 queere Ch\u00f6re mit rund500 singenden Menschen. Es wird drei Konzerte geben:zwei in der Meistersingerhalle und eines in der [&hellip;]<\/p>\n","protected":false},"author":1,"featured_media":0,"parent":0,"menu_order":0,"comment_status":"closed","ping_status":"closed","template":"","meta":{"footnotes":""},"class_list":["post-8","page","type-page","status-publish","hentry"],"_links":{"self":[{"href":"https:\/\/www.sirena-nuernberg.de\/index.php?rest_route=\/wp\/v2\/pages\/8","targetHints":{"allow":["GET"]}}],"collection":[{"href":"https:\/\/www.sirena-nuernberg.de\/index.php?rest_route=\/wp\/v2\/pages"}],"about":[{"href":"https:\/\/www.sirena-nuernberg.de\/index.php?rest_route=\/wp\/v2\/types\/page"}],"author":[{"embeddable":true,"href":"https:\/\/www.sirena-nuernberg.de\/index.php?rest_route=\/wp\/v2\/users\/1"}],"replies":[{"embeddable":true,"href":"https:\/\/www.sirena-nuernberg.de\/index.php?rest_route=%2Fwp%2Fv2%2Fcomments&post=8"}],"version-history":[{"count":5,"href":"https:\/\/www.sirena-nuernberg.de\/index.php?rest_route=\/wp\/v2\/pages\/8\/revisions"}],"predecessor-version":[{"id":21,"href":"https:\/\/www.sirena-nuernberg.de\/index.php?rest_route=\/wp\/v2\/pages\/8\/revisions\/21"}],"wp:attachment":[{"href":"https:\/\/www.sirena-nuernberg.de\/index.php?rest_route=%2Fwp%2Fv2%2Fmedia&parent=8"}],"curies":[{"name":"wp","href":"https:\/\/api.w.org\/{rel}","templated":true}]}}